{"id":6449,"date":"2018-07-16T10:57:23","date_gmt":"2018-07-16T13:57:23","guid":{"rendered":"http:\/\/agenciadotline.com\/?page_id=6449"},"modified":"2018-07-17T10:50:43","modified_gmt":"2018-07-17T13:50:43","slug":"home","status":"publish","type":"page","link":"https:\/\/agenciadotline.com\/","title":{"rendered":"P\u00e1gina Inicial"},"content":{"rendered":"<p>[et_pb_section fb_built=&#8221;1&#8243; inner_shadow=&#8221;on&#8221; _builder_version=&#8221;3.10&#8243; background_image=&#8221;http:\/\/agenciadotline.com\/wp-content\/uploads\/2018\/07\/mockup-dot-line-home-short.png&#8221; parallax=&#8221;on&#8221; custom_padding=&#8221;29px|0px|0|0px|false|false&#8221;][et_pb_row make_fullwidth=&#8221;on&#8221; use_custom_gutter=&#8221;on&#8221; gutter_width=&#8221;1&#8243; custom_padding=&#8221;0|0px|2px|0px|false|false&#8221; _builder_version=&#8221;3.10&#8243;][et_pb_column type=&#8221;4_4&#8243; _builder_version=&#8221;3.0.47&#8243; parallax=&#8221;off&#8221; parallax_method=&#8221;on&#8221;][et_pb_slider show_arrows=&#8221;off&#8221; show_pagination=&#8221;off&#8221; _builder_version=&#8221;3.10&#8243; body_line_height=&#8221;1em&#8221;][et_pb_slide use_bg_overlay=&#8221;off&#8221; use_text_overlay=&#8221;off&#8221; _builder_version=&#8221;3.10&#8243; body_font=&#8221;|600||on|||||&#8221; body_text_align=&#8221;center&#8221; body_font_size=&#8221;70&#8243; body_font_size_tablet=&#8221;76&#8243; body_font_size_phone=&#8221;76&#8243; body_line_height=&#8221;1.3em&#8221; body_line_height_tablet=&#8221;1.3em&#8221; body_line_height_phone=&#8221;1.3em&#8221; body_text_shadow_style=&#8221;preset3&#8243; background_color=&#8221;rgba(51,51,51,0)&#8221; button_on_hover=&#8221;on&#8221; text_shadow_style=&#8221;preset3&#8243;][\/et_pb_slide][\/et_pb_slider][\/et_pb_column][\/et_pb_row][\/et_pb_section][et_pb_section fb_built=&#8221;1&#8243; _builder_version=&#8221;3.10&#8243; custom_padding=&#8221;50px|0px|26px|0px|false|false&#8221;][et_pb_row custom_padding=&#8221;0px|0px|35px|0px|false|false&#8221; _builder_version=&#8221;3.10&#8243;][et_pb_column type=&#8221;4_4&#8243; _builder_version=&#8221;3.0.47&#8243; parallax=&#8221;off&#8221; parallax_method=&#8221;on&#8221;][et_pb_text _builder_version=&#8221;3.10&#8243; text_font=&#8221;Archivo|700|||||||&#8221; text_text_color=&#8221;#939598&#8243; header_font=&#8221;Archivo||||||||&#8221; header_text_color=&#8221;#c8da3f&#8221; header_2_font=&#8221;Archivo|500||on|||||&#8221; header_2_text_color=&#8221;#939598&#8243; header_2_font_size=&#8221;48px&#8221; inline_fonts=&#8221;Archivo&#8221;]<\/p>\n<h2 style=\"text-align: center;\"><span style=\"font-size: 44px;\"><span style=\"font-family: Archivo;\">Nossos Servi\u00e7os<\/span><\/span><\/h2>\n<p>[\/et_pb_text][\/et_pb_column][\/et_pb_row][et_pb_row use_custom_width=&#8221;on&#8221; width_unit=&#8221;off&#8221; custom_width_percent=&#8221;85%&#8221; custom_padding=&#8221;0|0px|0|0px|false|false&#8221; _builder_version=&#8221;3.10&#8243; background_size=&#8221;initial&#8221; background_position=&#8221;top_left&#8221; background_repeat=&#8221;repeat&#8221;][et_pb_column type=&#8221;1_4&#8243; _builder_version=&#8221;3.0.47&#8243; parallax=&#8221;off&#8221; parallax_method=&#8221;on&#8221;][et_pb_blurb title=&#8221;Websites&#8221; use_icon=&#8221;on&#8221; font_icon=&#8221;%%107%%&#8221; icon_color=&#8221;#c8da3f&#8221; use_icon_font_size=&#8221;on&#8221; icon_font_size=&#8221;60px&#8221; admin_label=&#8221;Blurb Desenvolvimento Websites&#8221; _builder_version=&#8221;3.10&#8243; header_font=&#8221;Archivo|700||on|||||&#8221; header_text_align=&#8221;center&#8221; header_text_color=&#8221;#faa331&#8243; header_line_height=&#8221;1.2em&#8221; text_orientation=&#8221;center&#8221;]<span style=\"font-weight: 400;\">Nossa linha de trabalho combina a alta funcionalidade dos websites com um toque art\u00edstico ao seu website, proporcionando ao usu\u00e1rio final uma melhor intera\u00e7\u00e3o com sua empresa na web.<\/span><br \/>\n[\/et_pb_blurb][\/et_pb_column][et_pb_column type=&#8221;1_4&#8243; _builder_version=&#8221;3.0.47&#8243; parallax=&#8221;off&#8221; parallax_method=&#8221;on&#8221;][et_pb_blurb title=&#8221;Identidade Visual&#8221; use_icon=&#8221;on&#8221; font_icon=&#8221;%%127%%&#8221; icon_color=&#8221;#c8da3f&#8221; use_icon_font_size=&#8221;on&#8221; icon_font_size=&#8221;60px&#8221; admin_label=&#8221;Blurb Identidade Visual&#8221; _builder_version=&#8221;3.10&#8243; header_font=&#8221;Archivo|700||on|||||&#8221; header_text_align=&#8221;center&#8221; header_text_color=&#8221;#faa331&#8243; header_line_height=&#8221;1.2em&#8221; text_orientation=&#8221;center&#8221;]<span style=\"font-weight: 400;\">Uma identidade visual efetiva \u00e9 fundamental para que suas ideias, marca, servi\u00e7o ou produtos tenham um forte apelo ao seu p\u00fablico-alvo, e necessariamente deve refletir a sua imagem.<\/span><br \/>\n[\/et_pb_blurb][\/et_pb_column][et_pb_column type=&#8221;1_4&#8243; _builder_version=&#8221;3.0.47&#8243; parallax=&#8221;off&#8221; parallax_method=&#8221;on&#8221;][et_pb_blurb title=&#8221;Campanhas&#8221; use_icon=&#8221;on&#8221; font_icon=&#8221;%%150%%&#8221; icon_color=&#8221;#c8da3f&#8221; use_icon_font_size=&#8221;on&#8221; icon_font_size=&#8221;59px&#8221; admin_label=&#8221;Blurb Campanhas Publicit\u00e1rias&#8221; _builder_version=&#8221;3.10&#8243; header_font=&#8221;|||on|||||&#8221; header_text_align=&#8221;center&#8221; header_text_color=&#8221;#faa331&#8243; header_line_height=&#8221;1.2em&#8221; text_orientation=&#8221;center&#8221;]<span style=\"font-weight: 400;\">Transformamos sua paix\u00e3o em imagens e palavras que fazem seus clientes quererem, precisarem, comprarem, amarem e compartilharem o que voc\u00ea est\u00e1 transmitindo.<\/span><br \/>\n[\/et_pb_blurb][\/et_pb_column][et_pb_column type=&#8221;1_4&#8243; _builder_version=&#8221;3.0.47&#8243; parallax=&#8221;off&#8221; parallax_method=&#8221;on&#8221;][et_pb_blurb title=&#8221;Redes Sociais&#8221; use_icon=&#8221;on&#8221; font_icon=&#8221;%%151%%&#8221; icon_color=&#8221;#c8da3f&#8221; use_icon_font_size=&#8221;on&#8221; icon_font_size=&#8221;60px&#8221; admin_label=&#8221;Blurb Gerenciamento Virtual&#8221; _builder_version=&#8221;3.10&#8243; header_font=&#8221;|700||on|||||&#8221; header_text_align=&#8221;center&#8221; header_text_color=&#8221;#faa331&#8243; header_line_height=&#8221;1.2em&#8221; text_orientation=&#8221;center&#8221;]<span style=\"font-weight: 400;\">H\u00e1 uma express\u00e3o mais na moda do que &#8220;redes sociais&#8221; nos \u00faltimos anos? Provavelmente que n\u00e3o. Certamente algu\u00e9m j\u00e1 lhe disse que voc\u00ea tem que participar das faladas redes por causa do seu neg\u00f3cio.<\/span><br \/>\n[\/et_pb_blurb][\/et_pb_column][\/et_pb_row][et_pb_row custom_padding=&#8221;50px|0px|13px|0px|false|false&#8221; _builder_version=&#8221;3.10&#8243;][et_pb_column type=&#8221;4_4&#8243; _builder_version=&#8221;3.0.47&#8243; parallax=&#8221;off&#8221; parallax_method=&#8221;on&#8221;][et_pb_button button_url=&#8221;http:\/\/agenciadotline.com\/index.php\/servicos\/&#8221; button_text=&#8221;Nossos Servi\u00e7os&#8221; button_alignment=&#8221;center&#8221; _builder_version=&#8221;3.10&#8243; custom_button=&#8221;on&#8221; button_text_color=&#8221;#faa331&#8243; button_bg_color=&#8221;rgba(147,149,152,0.29)&#8221;][\/et_pb_button][\/et_pb_column][\/et_pb_row][et_pb_row make_fullwidth=&#8221;on&#8221; custom_padding=&#8221;37px|0px|0|0px|false|false&#8221; _builder_version=&#8221;3.10&#8243;][et_pb_column type=&#8221;4_4&#8243; _builder_version=&#8221;3.0.47&#8243; parallax=&#8221;off&#8221; parallax_method=&#8221;on&#8221;][et_pb_divider color=&#8221;#c8da3f&#8221; divider_position=&#8221;center&#8221; divider_weight=&#8221;3px&#8221; _builder_version=&#8221;3.10&#8243; global_module=&#8221;6568&#8243; saved_tabs=&#8221;all&#8221;][\/et_pb_divider][\/et_pb_column][\/et_pb_row][\/et_pb_section][et_pb_section fb_built=&#8221;1&#8243; _builder_version=&#8221;3.10&#8243; custom_padding=&#8221;40px|0px|0|0px|false|false&#8221; global_module=&#8221;6099&#8243;][et_pb_row custom_padding=&#8221;0|0px|40px|0px|false|false&#8221; _builder_version=&#8221;3.10&#8243;][et_pb_column type=&#8221;4_4&#8243; _builder_version=&#8221;3.0.47&#8243; parallax=&#8221;off&#8221; parallax_method=&#8221;on&#8221;][et_pb_text _builder_version=&#8221;3.10&#8243; header_font=&#8221;||||||||&#8221; header_2_font=&#8221;Archivo|500||on|||||&#8221; header_2_text_align=&#8221;center&#8221; header_2_text_color=&#8221;#939598&#8243; header_2_font_size=&#8221;44px&#8221;]<\/p>\n<h2>Nossos Projetos<\/h2>\n<p>[\/et_pb_text][et_pb_text _builder_version=&#8221;3.10&#8243; text_font_size=&#8221;18px&#8221;]<\/p>\n<p>Assim como nos orgulhamos de nossos parceiros, temos muito orgulho dos projetos que nossa equipe desenvolve. Extrema aten\u00e7\u00e3o aos detalhes e organiza\u00e7\u00e3o das informa\u00e7\u00f5es \u00e9 parte essencial em tudo o que fazemos. Segue abaixo alguns exemplos de projetos que desenvolvemos.<\/p>\n<p>[\/et_pb_text][\/et_pb_column][\/et_pb_row][\/et_pb_section][et_pb_section fb_built=&#8221;1&#8243; admin_label=&#8221;Galeria Portfolio Geral Full Width&#8221; _builder_version=&#8221;3.10&#8243; custom_padding=&#8221;0|0px|29px|0px|false|false&#8221; global_module=&#8221;6153&#8243;][et_pb_row make_fullwidth=&#8221;on&#8221; use_custom_gutter=&#8221;on&#8221; gutter_width=&#8221;1&#8243; custom_padding=&#8221;0|0px|0|0px|false|false&#8221; _builder_version=&#8221;3.10&#8243;][et_pb_column type=&#8221;4_4&#8243; _builder_version=&#8221;3.0.47&#8243; parallax=&#8221;off&#8221; parallax_method=&#8221;on&#8221;][et_pb_gallery gallery_ids=&#8221;159,156,96,95,92,80,89,75&#8243; posts_number=&#8221;8&#8243; show_title_and_caption=&#8221;off&#8221; show_pagination=&#8221;off&#8221; zoom_icon_color=&#8221;#c8da3f&#8221; hover_icon=&#8221;%%51%%&#8221; admin_label=&#8221;Galeria 8 imagens&#8221; _builder_version=&#8221;3.10&#8243; saved_tabs=&#8221;all&#8221;]<\/p>\n<p>\u00a0<\/p>\n<p>[\/et_pb_gallery][\/et_pb_column][\/et_pb_row][et_pb_row _builder_version=&#8221;3.10&#8243; custom_padding=&#8221;44px|0px|2px|0px|false|false&#8221;][et_pb_column type=&#8221;4_4&#8243; _builder_version=&#8221;3.10&#8243; parallax=&#8221;off&#8221; parallax_method=&#8221;on&#8221;][et_pb_button custom_button=&#8221;on&#8221; button_text_color=&#8221;#faa331&#8243; button_bg_color=&#8221;rgba(147,149,152,0.36)&#8221; button_text=&#8221;Mais Projetos&#8221; _builder_version=&#8221;3.10&#8243; button_url=&#8221;http:\/\/agenciadotline.com\/index.php\/projetos\/&#8221; button_alignment=&#8221;center&#8221; button_font=&#8221;||||||||&#8221;][\/et_pb_button][et_pb_divider color=&#8221;#c8da3f&#8221; divider_position=&#8221;center&#8221; divider_weight=&#8221;3px&#8221; _builder_version=&#8221;3.10&#8243;][\/et_pb_divider][\/et_pb_column][\/et_pb_row][\/et_pb_section][et_pb_section fb_built=&#8221;1&#8243; _builder_version=&#8221;3.10&#8243; custom_padding=&#8221;0|0px|40px|0px|false|false&#8221;][et_pb_row custom_padding=&#8221;48px|0px|30px|0px|false|false&#8221; _builder_version=&#8221;3.10&#8243;][et_pb_column type=&#8221;4_4&#8243; _builder_version=&#8221;3.0.47&#8243; parallax=&#8221;off&#8221; parallax_method=&#8221;on&#8221;][et_pb_text _builder_version=&#8221;3.10&#8243; text_font=&#8221;||||||||&#8221; text_text_color=&#8221;#666666&#8243; text_font_size=&#8221;14px&#8221; header_font=&#8221;||||||||&#8221; header_2_font=&#8221;Archivo|500||on|||||&#8221; header_2_text_align=&#8221;center&#8221; header_2_text_color=&#8221;#939598&#8243; header_2_font_size=&#8221;44px&#8221; header_3_font=&#8221;||||||||&#8221; header_3_text_color=&#8221;#c8da3f&#8221; header_3_font_size=&#8221;16px&#8221;]<\/p>\n<h2>Nossos Clientes<\/h2>\n<h3 style=\"text-align: center;\">Parcerias s\u00f3lidas em todos os momentos, nossa receita de sucesso<\/h3>\n<p style=\"text-align: center;\">A Dot Line se orgulha tanto do sucesso de nossos parceiros quanto o nosso pr\u00f3prio, afinal de contas, nosso objetivo \u00e9 cumprir com todas as expectativas daqueles que confiam em nossa capacidade de ajudar a construir a solidez de uma marca.<\/p>\n<p>[\/et_pb_text][\/et_pb_column][\/et_pb_row][et_pb_row use_custom_width=&#8221;on&#8221; width_unit=&#8221;off&#8221; custom_width_percent=&#8221;75%&#8221; _builder_version=&#8221;3.10&#8243; background_size=&#8221;initial&#8221; background_position=&#8221;top_left&#8221; background_repeat=&#8221;repeat&#8221;][et_pb_column type=&#8221;4_4&#8243; _builder_version=&#8221;3.0.47&#8243; parallax=&#8221;off&#8221; parallax_method=&#8221;on&#8221;][et_pb_testimonial author=&#8221;M\u00e1rcia Barroso&#8221; job_title=&#8221;Assessora Institucional de Comunica\u00e7\u00e3o e Marketing&#8221; company_name=&#8221;Col\u00e9gio Magnum&#8221; url=&#8221;http:\/\/www.magnum.com.br&#8221; url_new_window=&#8221;on&#8221; portrait_url=&#8221;http:\/\/agenciadotline.com\/wp-content\/uploads\/2018\/07\/marcia-barroso.jpeg&#8221; quote_icon_color=&#8221;#faa331&#8243; quote_icon_background_color=&#8221;#ffffff&#8221; portrait_width=&#8221;105&#8243; portrait_height=&#8221;105&#8243; admin_label=&#8221;Depoimento M\u00e1rcia Barroso&#8221; _builder_version=&#8221;3.10&#8243; body_font_size=&#8221;13px&#8221; background_color=&#8221;#f9f9f9&#8243; border_radii_portrait=&#8221;on|105px|105px|105px|105px&#8221; global_module=&#8221;6306&#8243; saved_tabs=&#8221;all&#8221;]<strong><em>&#8220;<\/em>OS MELHORES PARCEIROS DE UMA JORNADA NEM SEMPRE PRECISAM ESTAR NO MESMO BARCO, MAS \u00c9 IMPRESCIND\u00cdVEL QUE ESTEJAM NA MESMA DIRE\u00c7\u00c3O.&#8221;\u00a0&#8211; L\u00cdDIA VASCONCELOS<\/strong><\/p>\n<p>Como em qualquer bom relacionamento, confian\u00e7a \u00e9 parte integrante do sucesso. Um bom parceiro \u00e9 como uma boa partida de frescobol, um jogo onde a comunica\u00e7\u00e3o \u00e9 sempre clara e assertiva, norteada de grandes projetos, muitas ideias e incont\u00e1veis conquistas. Assim \u00e9 a parceria entre o Magnum e a Dot Line, uma rela\u00e7\u00e3o de muito respeito e admira\u00e7\u00e3o que s\u00e3o compartilhados dia a dia atrav\u00e9s dos nossos excelentes resultados. A Dot Line \u00e9 muito mais que uma parceira, \u00e9 uma TORCEDORA do Magnum, uma rela\u00e7\u00e3o de muita fidelidade.<br \/>\n[\/et_pb_testimonial][et_pb_testimonial author=&#8221;Ana Kely&#8221; job_title=&#8221;Assessora de Comunica\u00e7\u00e3o&#8221; company_name=&#8221;Rede Filhas de Jesus &#8211; SEIAS&#8221; url=&#8221;http:\/\/www.seias.com.br\/&#8221; url_new_window=&#8221;on&#8221; portrait_url=&#8221;http:\/\/agenciadotline.com\/wp-content\/uploads\/2018\/07\/depoimento-ana-kely.jpg&#8221; quote_icon_color=&#8221;#faa331&#8243; quote_icon_background_color=&#8221;#ffffff&#8221; portrait_width=&#8221;105&#8243; portrait_height=&#8221;105&#8243; admin_label=&#8221;Depoimento Ana Kely&#8221; _builder_version=&#8221;3.10&#8243; body_font=&#8221;||||||||&#8221; body_font_size=&#8221;13px&#8221; background_color=&#8221;#f9f9f9&#8243; border_radii_portrait=&#8221;on|105px|105px|105px|105px&#8221; global_module=&#8221;6306&#8243; saved_tabs=&#8221;all&#8221;]Beleza, criatividade e agilidade. A Dot Line sempre nos proporcionou um atendimento encantador. A parceria de muitos anos sempre trouxe diversidade e inova\u00e7\u00e3o na comunica\u00e7\u00e3o da Rede Filhas de Jesus e de suas escolas. Ideias sempre novas e prazo sempre atendido. N\u00f3s somos f\u00e3s da Dot Line.<br \/>\n[\/et_pb_testimonial][et_pb_testimonial author=&#8221;Andr\u00e9 Bax&#8221; job_title=&#8221;BUSINESS COACH, MENTOR E PALESTRANTE&#8221; company_name=&#8221;Instituto Propriedade Eficaz&#8221; url=&#8221;http:\/\/ipecoaching.com.br\/&#8221; url_new_window=&#8221;on&#8221; portrait_url=&#8221;http:\/\/agenciadotline.com\/wp-content\/uploads\/2018\/07\/depoimento-andre-bax.jpg&#8221; quote_icon_color=&#8221;#faa331&#8243; quote_icon_background_color=&#8221;#ffffff&#8221; portrait_width=&#8221;105&#8243; portrait_height=&#8221;105&#8243; admin_label=&#8221;Depoimento Andr\u00e9 Bax&#8221; _builder_version=&#8221;3.10&#8243; body_font=&#8221;||||||||&#8221; body_font_size=&#8221;13px&#8221; background_color=&#8221;#f9f9f9&#8243; border_radii_portrait=&#8221;on|105px|105px|105px|105px&#8221; global_module=&#8221;6306&#8243; saved_tabs=&#8221;all&#8221;]A DOT LINE \u00e9 uma ag\u00eancia que tem a capacidade de entender e atender \u00e0s necessidades dos seus clientes, principalmente quando o assunto \u00e9 tempo e qualidade!<br \/>\n\u00c9 surpreendente como consegue nos atender com qualidade e criatividade, mesmo quando o tempo \u00e9 ex\u00edguo!<br \/>\n[\/et_pb_testimonial][\/et_pb_column][\/et_pb_row][\/et_pb_section][et_pb_section fb_built=&#8221;1&#8243; _builder_version=&#8221;3.10&#8243;][et_pb_row use_custom_width=&#8221;on&#8221; width_unit=&#8221;off&#8221; custom_width_percent=&#8221;75%&#8221; _builder_version=&#8221;3.10&#8243;][et_pb_column type=&#8221;4_4&#8243; _builder_version=&#8221;3.0.47&#8243; parallax=&#8221;off&#8221; parallax_method=&#8221;on&#8221;][et_pb_code admin_label=&#8221;C\u00f3digo Carousel Logos&#8221; _builder_version=&#8221;3.10&#8243; global_module=&#8221;6308&#8243; saved_tabs=&#8221;all&#8221;]<ul class=\"kiwi-logo-carousel kiwi-logo-carousel-carousels-logo-clientes grayhovercolor align-center col4\"><li style=\"height:150px;\"><a target=\"_blank\" href=\"http:\/\/magnum.com.br\/\"><div class=\"helper\" style=\"height:150px; width:200px;\" ><img src=\"https:\/\/agenciadotline.com\/wp-content\/uploads\/2018\/07\/logo-colegio-magnum.png\" alt=\"Col\u00e9gio Magnum\" title=\"Col\u00e9gio Magnum\"><\/div><\/a><\/li><li style=\"height:150px;\"><a target=\"_blank\" href=\"http:\/\/www.seias.com.br\/\"><div class=\"helper\" style=\"height:150px; width:200px;\" ><img src=\"https:\/\/agenciadotline.com\/wp-content\/uploads\/2018\/07\/logo-seias.png\" alt=\"Rede Filhas de Jesus - SEIAS\" title=\"Rede Filhas de Jesus - SEIAS\"><\/div><\/a><\/li><li style=\"height:150px;\"><a target=\"_blank\" href=\"http:\/\/www.colegiojesusmariajose.org.br\/brasilia\/\"><div class=\"helper\" style=\"height:150px; width:200px;\" ><img src=\"https:\/\/agenciadotline.com\/wp-content\/uploads\/2018\/07\/logo-jmj.png\" alt=\"Col\u00e9gio Jesus Maria Jos\u00e9 - DF\" title=\"Col\u00e9gio Jesus Maria Jos\u00e9 - DF\"><\/div><\/a><\/li><li style=\"height:150px;\"><a target=\"_blank\" href=\"http:\/\/ipecoaching.com.br\/\"><div class=\"helper\" style=\"height:150px; width:200px;\" ><img src=\"https:\/\/agenciadotline.com\/wp-content\/uploads\/2018\/07\/Logo-IPE-coaching.png\" alt=\"Instituto Propriedade Eficaz\" title=\"Instituto Propriedade Eficaz\"><\/div><\/a><\/li><li style=\"height:150px;\"><a target=\"_blank\" href=\"http:\/\/www.santadoroteiadf.com.br\/\"><div class=\"helper\" style=\"height:150px; width:200px;\" ><img src=\"https:\/\/agenciadotline.com\/wp-content\/uploads\/2018\/07\/santa-doroteia-logo.png\" alt=\"Col\u00e9gio Santa Dorot\u00e9ia - DF\" title=\"Col\u00e9gio Santa Dorot\u00e9ia - DF\"><\/div><\/a><\/li><li style=\"height:150px;\"><a target=\"_blank\" href=\"http:\/\/atacadaodastintas.com.br\/\"><div class=\"helper\" style=\"height:150px; width:200px;\" ><img src=\"https:\/\/agenciadotline.com\/wp-content\/uploads\/2018\/07\/logo.png\" alt=\"Atacad\u00e3o das Tintas\" title=\"Atacad\u00e3o das Tintas\"><\/div><\/a><\/li><li style=\"height:150px;\"><a target=\"_blank\" href=\"http:\/\/www.petsaudavel.vet.br\/\"><div class=\"helper\" style=\"height:150px; width:200px;\" ><img src=\"https:\/\/agenciadotline.com\/wp-content\/uploads\/2018\/07\/logo-petsaudavel.png\" alt=\"Pet Saud\u00e1vel\" title=\"Pet Saud\u00e1vel\"><\/div><\/a><\/li><li style=\"height:150px;\"><a target=\"_blank\" href=\"https:\/\/chefpenninha.com.br\/\"><div class=\"helper\" style=\"height:150px; width:200px;\" ><img src=\"https:\/\/agenciadotline.com\/wp-content\/uploads\/2018\/07\/Penninha-logo.png\" alt=\"Penninha\" title=\"Penninha\"><\/div><\/a><\/li><li style=\"height:150px;\"><a target=\"_blank\" href=\"https:\/\/gabrielaleopoldina.com.br\/\"><div class=\"helper\" style=\"height:150px; width:200px;\" ><img src=\"https:\/\/agenciadotline.com\/wp-content\/uploads\/2022\/06\/gabriela.png\" alt=\"Instituto Gabriela Leopoldina\" title=\"Instituto Gabriela Leopoldina\"><\/div><\/a><\/li><\/ul>[\/et_pb_code][\/et_pb_column][\/et_pb_row][\/et_pb_section][et_pb_section fb_built=&#8221;1&#8243; _builder_version=&#8221;3.10&#8243; background_color=&#8221;#eeeeee&#8221;][et_pb_row _builder_version=&#8221;3.0.48&#8243; background_size=&#8221;initial&#8221; background_position=&#8221;top_left&#8221; background_repeat=&#8221;repeat&#8221;][et_pb_column type=&#8221;4_4&#8243; _builder_version=&#8221;3.0.47&#8243; parallax=&#8221;off&#8221; parallax_method=&#8221;on&#8221;][et_pb_text _builder_version=&#8221;3.10&#8243; text_font=&#8221;Archivo|700|||||||&#8221; text_text_color=&#8221;#ffffff&#8221; header_font=&#8221;Archivo||||||||&#8221; header_text_color=&#8221;#000000&#8243; header_2_font=&#8221;Archivo|500||on|||||&#8221; header_2_text_color=&#8221;#faa331&#8243; header_2_font_size=&#8221;44px&#8221; inline_fonts=&#8221;Archivo&#8221;]<\/p>\n<h2 style=\"text-align: center;\"><span style=\"font-family: Archivo;\">ENTRE EM CONTATO<\/span><\/h2>\n<p>[\/et_pb_text][et_pb_contact_form form_background_color=&#8221;rgba(255,255,255,0.97)&#8221; module_id=&#8221;et_pb_contact_form_0&#8243; _builder_version=&#8221;3.10&#8243; form_field_font=&#8221;||||||||&#8221; custom_button=&#8221;on&#8221; button_text_color=&#8221;#ffffff&#8221; button_bg_color=&#8221;#333333&#8243; button_border_width=&#8221;0px&#8221; button_font=&#8221;||||||||&#8221; button_bg_color_hover=&#8221;#999999&#8243;][et_pb_contact_field field_id=&#8221;Name&#8221; field_title=&#8221;Nome&#8221; _builder_version=&#8221;3.0.87&#8243; border_radii=&#8221;on||||&#8221;][\/et_pb_contact_field][et_pb_contact_field field_id=&#8221;Email&#8221; field_title=&#8221;E-mail&#8221; field_type=&#8221;email&#8221; _builder_version=&#8221;3.0.87&#8243; border_radii=&#8221;on||||&#8221;][\/et_pb_contact_field][et_pb_contact_field field_id=&#8221;Message&#8221; field_title=&#8221;Mensagem&#8221; field_type=&#8221;text&#8221; fullwidth_field=&#8221;on&#8221; _builder_version=&#8221;3.0.87&#8243; border_radii=&#8221;on||||&#8221;][\/et_pb_contact_field][\/et_pb_contact_form][\/et_pb_column][\/et_pb_row][\/et_pb_section]<\/p>\n","protected":false},"excerpt":{"rendered":"<p>[et_pb_section fb_built=&#8221;1&#8243; inner_shadow=&#8221;on&#8221; _builder_version=&#8221;3.10&#8243; background_image=&#8221;http:\/\/agenciadotline.com\/wp-content\/uploads\/2018\/07\/mockup-dot-line-home-short.png&#8221; parallax=&#8221;on&#8221; custom_padding=&#8221;29px|0px|0|0px|false|false&#8221;][et_pb_row make_fullwidth=&#8221;on&#8221; use_custom_gutter=&#8221;on&#8221; gutter_width=&#8221;1&#8243; custom_padding=&#8221;0|0px|2px|0px|false|false&#8221; _builder_version=&#8221;3.10&#8243;][et_pb_column type=&#8221;4_4&#8243; _builder_version=&#8221;3.0.47&#8243; parallax=&#8221;off&#8221; parallax_method=&#8221;on&#8221;][et_pb_slider show_arrows=&#8221;off&#8221; show_pagination=&#8221;off&#8221; _builder_version=&#8221;3.10&#8243; body_line_height=&#8221;1em&#8221;][et_pb_slide use_bg_overlay=&#8221;off&#8221; use_text_overlay=&#8221;off&#8221; _builder_version=&#8221;3.10&#8243; body_font=&#8221;|600||on|||||&#8221; body_text_align=&#8221;center&#8221; body_font_size=&#8221;70&#8243; body_font_size_tablet=&#8221;76&#8243; body_font_size_phone=&#8221;76&#8243; body_line_height=&#8221;1.3em&#8221; body_line_height_tablet=&#8221;1.3em&#8221; body_line_height_phone=&#8221;1.3em&#8221; body_text_shadow_style=&#8221;preset3&#8243; background_color=&#8221;rgba(51,51,51,0)&#8221; button_on_hover=&#8221;on&#8221; text_shadow_style=&#8221;preset3&#8243;][\/et_pb_slide][\/et_pb_slider][\/et_pb_column][\/et_pb_row][\/et_pb_section][et_pb_section fb_built=&#8221;1&#8243; _builder_version=&#8221;3.10&#8243; custom_padding=&#8221;50px|0px|26px|0px|false|false&#8221;][et_pb_row custom_padding=&#8221;0px|0px|35px|0px|false|false&#8221; _builder_version=&#8221;3.10&#8243;][et_pb_column type=&#8221;4_4&#8243; _builder_version=&#8221;3.0.47&#8243; parallax=&#8221;off&#8221; parallax_method=&#8221;on&#8221;][et_pb_text _builder_version=&#8221;3.10&#8243; text_font=&#8221;Archivo|700|||||||&#8221; text_text_color=&#8221;#939598&#8243; header_font=&#8221;Archivo||||||||&#8221; header_text_color=&#8221;#c8da3f&#8221; header_2_font=&#8221;Archivo|500||on|||||&#8221; header_2_text_color=&#8221;#939598&#8243; header_2_font_size=&#8221;48px&#8221; inline_fonts=&#8221;Archivo&#8221;] Nossos Servi\u00e7os [&hellip;]<\/p>\n","protected":false},"author":1,"featured_media":0,"parent":0,"menu_order":0,"comment_status":"closed","ping_status":"closed","template":"","meta":{"_monsterinsights_skip_tracking":false,"_monsterinsights_sitenote_active":false,"_monsterinsights_sitenote_note":"","_monsterinsights_sitenote_category":0},"_links":{"self":[{"href":"https:\/\/agenciadotline.com\/index.php\/wp-json\/wp\/v2\/pages\/6449"}],"collection":[{"href":"https:\/\/agenciadotline.com\/index.php\/wp-json\/wp\/v2\/pages"}],"about":[{"href":"https:\/\/agenciadotline.com\/index.php\/wp-json\/wp\/v2\/types\/page"}],"author":[{"embeddable":true,"href":"https:\/\/agenciadotline.com\/index.php\/wp-json\/wp\/v2\/users\/1"}],"replies":[{"embeddable":true,"href":"https:\/\/agenciadotline.com\/index.php\/wp-json\/wp\/v2\/comments?post=6449"}],"version-history":[{"count":57,"href":"https:\/\/agenciadotline.com\/index.php\/wp-json\/wp\/v2\/pages\/6449\/revisions"}],"predecessor-version":[{"id":6585,"href":"https:\/\/agenciadotline.com\/index.php\/wp-json\/wp\/v2\/pages\/6449\/revisions\/6585"}],"wp:attachment":[{"href":"https:\/\/agenciadotline.com\/index.php\/wp-json\/wp\/v2\/media?parent=6449"}],"curies":[{"name":"wp","href":"https:\/\/api.w.org\/{rel}","templated":true}]}}